{"id":514,"date":"2025-05-13T15:52:18","date_gmt":"2025-05-13T12:52:18","guid":{"rendered":"https:\/\/educatedbyriikka.onedu.fi\/?post_type=product&#038;p=514"},"modified":"2026-03-19T12:55:26","modified_gmt":"2026-03-19T10:55:26","slug":"tekoaly-pahkinankuoressa","status":"publish","type":"product","link":"https:\/\/educatedbyriikka.onedu.fi\/en\/tuote\/tekoaly-pahkinankuoressa\/","title":{"rendered":"Teko\u00e4ly p\u00e4hkin\u00e4nkuoressa"},"content":{"rendered":"<div class=\"b b-text cf\">\n<div class=\"b-c b-text-c b-s b-s-t60 b-s-b60 b-cs cf\">\n<p class=\"wnd-align-center\"><span class=\"wnd-font-size-120\">Teko\u00e4ly p\u00e4hkin\u00e4nkuoressa on verkkokurssi, jonka jokaisen teko\u00e4lysovellusten k\u00e4ytt\u00e4j\u00e4n tulisi k\u00e4yd\u00e4. Verkkokurssi auttaa osallistujia ymm\u00e4rt\u00e4m\u00e4\u00e4n, mit\u00e4 teko\u00e4ly on, miten erilaiset laajat kielimallit p\u00e4\u00e4periaatteiltaan toimivat ja miten teko\u00e4ly\u00e4 voidaan k\u00e4ytt\u00e4\u00e4 oman ty\u00f6n tukena huomioiden my\u00f6s sen haasteet ja t\u00e4rke\u00e4t turvallisuuskysymykset.<\/span><\/p>\n<p class=\"wnd-align-center\"><span class=\"wnd-font-size-120\">Verkkokurssin rakentamisessa on k\u00e4ytetty paljon erilaisia teko\u00e4lysovelluksia, joiden hy\u00f6dynt\u00e4mist\u00e4 on avattu kurssin aikana. T\u00e4m\u00e4 antaa kurssin sis\u00e4ll\u00f6n oppimisen lis\u00e4ksi osallistujille mallia teko\u00e4lyn k\u00e4ytt\u00f6mahdollisuuksista.\u00a0Verkkokurssin suoritusaika on 1-2 tuntia.\u00a0<\/span><span class=\"wnd-font-size-120\">Verkkokurssi rakennetaan hankinnan tehneen organisaation omaan verkkoymp\u00e4rist\u00f6\u00f6n, kuten Moodleen, Priimaan ym., josta se j\u00e4\u00e4 organisaatiolle k\u00e4ytt\u00f6\u00f6n my\u00f6s tulevaisuudessa.\u00a0<\/span><\/p>\n<\/div>\n<\/div>\n<div class=\"b b-text cf\">\n<div class=\"b-c b-text-c b-s b-s-t60 b-s-b60 b-cs cf\">\n<h3 class=\"wnd-align-center\"><span class=\"wsw-02\"><strong>Verkkokurssin sis\u00e4lt\u00f6<\/strong><\/span><\/h3>\n<\/div>\n<\/div>\n<div class=\"b b-text cf\">\n<div class=\"b-c b-text-c b-s b-s-t60 b-s-b60 b-cs cf\">\n<p><span class=\"wsw-15\"><strong>1) Johdantoa teko\u00e4lyyn:<\/strong><\/span>\u00a0Osio johdattelee teko\u00e4lyn toimintaperiaatteisiin, sen historiaan ja sen sovelluksiin normaalissa arjessa.<\/p>\n<p><span class=\"wsw-15\"><strong>2) Oppiva teko\u00e4ly:<\/strong><\/span><span class=\"wsw-27\"><strong>\u00a0<\/strong><\/span>Osiossa k\u00e4yd\u00e4\u00e4n l\u00e4pi oppivan teko\u00e4lyn periaatteita, eroja suljetun ja avoimesti oppivan teko\u00e4lyn v\u00e4lill\u00e4 sek\u00e4 annetaan n\u00e4ist\u00e4 konkreettisia esimerkkej\u00e4. Lis\u00e4ksi osio johdattelee teko\u00e4lyn vinoumiin.<\/p>\n<p><span class=\"wsw-15\"><strong>3) N\u00e4in k\u00e4yt\u00e4t turvallisesti teko\u00e4ly\u00e4:<\/strong><\/span>\u00a0Osiossa m\u00e4\u00e4ritet\u00e4\u00e4n erilaisia s\u00e4\u00e4nt\u00f6j\u00e4 ja rajoituksia teko\u00e4lyn k\u00e4yt\u00f6lle sek\u00e4 puhutaan teko\u00e4lyyn liittyvist\u00e4 tekij\u00e4noikeuskysymyksist\u00e4.<\/p>\n<p><span class=\"wsw-15\"><strong>4) Teko\u00e4ly k\u00e4ytt\u00f6\u00f6n &#8211; Microsoft Copilot:<\/strong><\/span><span class=\"wsw-27\">\u00a0<\/span>Osiossa hyp\u00e4t\u00e4\u00e4n kurssin lopuksi k\u00e4ytt\u00e4m\u00e4\u00e4n teko\u00e4ly\u00e4. Ensimm\u00e4iseksi osiossa avustetaan Microsoft Copilot Edgen k\u00e4ytt\u00f6\u00f6nottoa sek\u00e4 kirjautumista Copilot Edgeen. Ennen p\u00e4\u00e4t\u00f6st\u00e4\u00e4n kurssilla p\u00e4\u00e4st\u00e4\u00e4n viel\u00e4 harjoittelemaan teko\u00e4lyn k\u00e4ytt\u00f6\u00e4 opettelemalla kehote- eli prompt-tekniikkaa sek\u00e4 tekem\u00e4ll\u00e4 lopuksi k\u00e4yt\u00e4nn\u00f6n harjoituksia Copilot Edgell\u00e4.<\/p>\n<p><strong>HUOM! Voit pyyt\u00e4\u00e4 erillisen tarjouksen suuremmille ryhmille osoitteesta info@educatedbyriikka.com.\u00a0<\/strong><\/p>\n<\/div>\n<\/div>\n","protected":false},"excerpt":{"rendered":"<p>Teko\u00e4ly p\u00e4hkin\u00e4nkuoressa on verkkokurssi, jonka jokaisen teko\u00e4lysovellusten k\u00e4ytt\u00e4j\u00e4n tulisi k\u00e4yd\u00e4. Verkkokurssi auttaa osallistujia ymm\u00e4rt\u00e4m\u00e4\u00e4n, mit\u00e4 teko\u00e4ly on, miten erilaiset laajat kielimallit p\u00e4\u00e4periaatteiltaan toimivat ja miten&hellip;<\/p>\n","protected":false},"featured_media":160,"template":"","meta":{"_uag_custom_page_level_css":""},"product_brand":[],"product_cat":[65],"product_tag":[],"class_list":{"0":"post-514","1":"product","2":"type-product","3":"status-publish","4":"has-post-thumbnail","6":"product_cat-kaikki-kurssit","8":"first","9":"instock","10":"virtual","11":"sold-individually","12":"taxable","13":"purchasable","14":"product-type-simple"},"spectra_custom_meta":{"total_sales":["2"],"_tax_status":["taxable"],"_tax_class":[""],"_manage_stock":["no"],"_backorders":["no"],"_sold_individually":["yes"],"_virtual":["yes"],"_downloadable":["no"],"_download_limit":["-1"],"_download_expiry":["-1"],"_stock":[null],"_stock_status":["instock"],"_wc_average_rating":[0],"_wc_review_count":["0"],"_product_version":["10.6.1"],"_edit_lock":["1773917739:5"],"_edit_last":["5"],"_visibility":["visible"],"_regular_price":["39.90"],"_price":["39.90"],"_ame_cpe_post_policy":["{\"accessProtection\":{\"active\":\"replace\"}}"],"_thumbnail_id":["160"],"_wpml_media_duplicate":["1"],"_wpml_media_featured":["1"],"_wpml_word_count":["350"],"course_posts":["a:1:{i:0;i:101;}"],"_learndash_course_grid_short_description":[""],"_product":["a:2:{i:0;s:0:\"\";s:32:\"product_course_short_description\";s:0:\"\";}"],"_learndash_course_grid_duration":[""],"_learndash_course_grid_enable_video_preview":["0"],"_learndash_course_grid_video_embed_code":[""],"_learndash_course_grid_custom_button_text":[""],"_learndash_course_grid_custom_ribbon_text":[""],"course_subscription_duration":["1Y"],"_uagb_previous_block_counts":["a:90:{s:21:\"uagb\/advanced-heading\";i:0;s:15:\"uagb\/blockquote\";i:0;s:12:\"uagb\/buttons\";i:0;s:18:\"uagb\/buttons-child\";i:0;s:19:\"uagb\/call-to-action\";i:0;s:15:\"uagb\/cf7-styler\";i:0;s:11:\"uagb\/column\";i:0;s:12:\"uagb\/columns\";i:0;s:14:\"uagb\/container\";i:0;s:21:\"uagb\/content-timeline\";i:0;s:27:\"uagb\/content-timeline-child\";i:0;s:14:\"uagb\/countdown\";i:0;s:12:\"uagb\/counter\";i:0;s:8:\"uagb\/faq\";i:0;s:14:\"uagb\/faq-child\";i:0;s:10:\"uagb\/forms\";i:0;s:17:\"uagb\/forms-accept\";i:0;s:19:\"uagb\/forms-checkbox\";i:0;s:15:\"uagb\/forms-date\";i:0;s:16:\"uagb\/forms-email\";i:0;s:17:\"uagb\/forms-hidden\";i:0;s:15:\"uagb\/forms-name\";i:0;s:16:\"uagb\/forms-phone\";i:0;s:16:\"uagb\/forms-radio\";i:0;s:17:\"uagb\/forms-select\";i:0;s:19:\"uagb\/forms-textarea\";i:0;s:17:\"uagb\/forms-toggle\";i:0;s:14:\"uagb\/forms-url\";i:0;s:14:\"uagb\/gf-styler\";i:0;s:15:\"uagb\/google-map\";i:0;s:11:\"uagb\/how-to\";i:0;s:16:\"uagb\/how-to-step\";i:0;s:9:\"uagb\/icon\";i:0;s:14:\"uagb\/icon-list\";i:0;s:20:\"uagb\/icon-list-child\";i:0;s:10:\"uagb\/image\";i:0;s:18:\"uagb\/image-gallery\";i:0;s:13:\"uagb\/info-box\";i:0;s:18:\"uagb\/inline-notice\";i:0;s:11:\"uagb\/lottie\";i:0;s:21:\"uagb\/marketing-button\";i:0;s:10:\"uagb\/modal\";i:0;s:18:\"uagb\/popup-builder\";i:0;s:16:\"uagb\/post-button\";i:0;s:18:\"uagb\/post-carousel\";i:0;s:17:\"uagb\/post-excerpt\";i:0;s:14:\"uagb\/post-grid\";i:0;s:15:\"uagb\/post-image\";i:0;s:17:\"uagb\/post-masonry\";i:0;s:14:\"uagb\/post-meta\";i:0;s:18:\"uagb\/post-taxonomy\";i:0;s:18:\"uagb\/post-timeline\";i:0;s:15:\"uagb\/post-title\";i:0;s:20:\"uagb\/restaurant-menu\";i:0;s:26:\"uagb\/restaurant-menu-child\";i:0;s:11:\"uagb\/review\";i:0;s:12:\"uagb\/section\";i:0;s:14:\"uagb\/separator\";i:0;s:11:\"uagb\/slider\";i:0;s:17:\"uagb\/slider-child\";i:0;s:17:\"uagb\/social-share\";i:0;s:23:\"uagb\/social-share-child\";i:0;s:16:\"uagb\/star-rating\";i:0;s:23:\"uagb\/sure-cart-checkout\";i:0;s:22:\"uagb\/sure-cart-product\";i:0;s:15:\"uagb\/sure-forms\";i:0;s:22:\"uagb\/table-of-contents\";i:0;s:9:\"uagb\/tabs\";i:0;s:15:\"uagb\/tabs-child\";i:0;s:18:\"uagb\/taxonomy-list\";i:0;s:9:\"uagb\/team\";i:0;s:16:\"uagb\/testimonial\";i:0;s:14:\"uagb\/wp-search\";i:0;s:19:\"uagb\/instagram-feed\";i:0;s:10:\"uagb\/login\";i:0;s:17:\"uagb\/loop-builder\";i:0;s:18:\"uagb\/loop-category\";i:0;s:20:\"uagb\/loop-pagination\";i:0;s:15:\"uagb\/loop-reset\";i:0;s:16:\"uagb\/loop-search\";i:0;s:14:\"uagb\/loop-sort\";i:0;s:17:\"uagb\/loop-wrapper\";i:0;s:13:\"uagb\/register\";i:0;s:19:\"uagb\/register-email\";i:0;s:24:\"uagb\/register-first-name\";i:0;s:23:\"uagb\/register-last-name\";i:0;s:22:\"uagb\/register-password\";i:0;s:30:\"uagb\/register-reenter-password\";i:0;s:19:\"uagb\/register-terms\";i:0;s:22:\"uagb\/register-username\";i:0;}"],"_wcml_average_rating":[null],"_wcml_review_count":[null],"_wcml_rating_count":[null],"_uag_css_file_name":["uag-css-514.css"],"_uag_page_assets":["a:9:{s:3:\"css\";s:263:\".uag-blocks-common-selector{z-index:var(--z-index-desktop) !important}@media (max-width: 976px){.uag-blocks-common-selector{z-index:var(--z-index-tablet) !important}}@media (max-width: 767px){.uag-blocks-common-selector{z-index:var(--z-index-mobile) !important}}\n\";s:2:\"js\";s:0:\"\";s:18:\"current_block_list\";a:7:{i:0;s:11:\"core\/search\";i:1;s:10:\"core\/group\";i:2;s:12:\"core\/heading\";i:3;s:17:\"core\/latest-posts\";i:4;s:20:\"core\/latest-comments\";i:5;s:13:\"core\/archives\";i:6;s:15:\"core\/categories\";}s:8:\"uag_flag\";b:0;s:11:\"uag_version\";s:10:\"1776257131\";s:6:\"gfonts\";a:0:{}s:10:\"gfonts_url\";s:0:\"\";s:12:\"gfonts_files\";a:0:{}s:14:\"uag_faq_layout\";b:0;}"],"_wc_rating_count":[""]},"uagb_featured_image_src":{"full":["https:\/\/educatedbyriikka.onedu.fi\/wp-content\/uploads\/2025\/02\/Tekoaly-pahkinankuoressa-kansi.png",1198,667,false],"thumbnail":["https:\/\/educatedbyriikka.onedu.fi\/wp-content\/uploads\/2025\/02\/Tekoaly-pahkinankuoressa-kansi-150x150.png",150,150,true],"medium":["https:\/\/educatedbyriikka.onedu.fi\/wp-content\/uploads\/2025\/02\/Tekoaly-pahkinankuoressa-kansi-300x167.png",300,167,true],"medium_large":["https:\/\/educatedbyriikka.onedu.fi\/wp-content\/uploads\/2025\/02\/Tekoaly-pahkinankuoressa-kansi-768x428.png",640,357,true],"large":["https:\/\/educatedbyriikka.onedu.fi\/wp-content\/uploads\/2025\/02\/Tekoaly-pahkinankuoressa-kansi-1024x570.png",640,356,true],"1536x1536":["https:\/\/educatedbyriikka.onedu.fi\/wp-content\/uploads\/2025\/02\/Tekoaly-pahkinankuoressa-kansi.png",1198,667,false],"2048x2048":["https:\/\/educatedbyriikka.onedu.fi\/wp-content\/uploads\/2025\/02\/Tekoaly-pahkinankuoressa-kansi.png",1198,667,false],"post-thumbnail":["https:\/\/educatedbyriikka.onedu.fi\/wp-content\/uploads\/2025\/02\/Tekoaly-pahkinankuoressa-kansi-624x347.png",624,347,true],"woocommerce_thumbnail":["https:\/\/educatedbyriikka.onedu.fi\/wp-content\/uploads\/2025\/02\/Tekoaly-pahkinankuoressa-kansi-300x300.png",300,300,true],"woocommerce_single":["https:\/\/educatedbyriikka.onedu.fi\/wp-content\/uploads\/2025\/02\/Tekoaly-pahkinankuoressa-kansi-600x334.png",600,334,true],"woocommerce_gallery_thumbnail":["https:\/\/educatedbyriikka.onedu.fi\/wp-content\/uploads\/2025\/02\/Tekoaly-pahkinankuoressa-kansi-100x100.png",100,100,true]},"uagb_author_info":{"display_name":"Joni","author_link":"https:\/\/educatedbyriikka.onedu.fi\/en\/author\/"},"uagb_comment_info":0,"uagb_excerpt":"Teko\u00e4ly p\u00e4hkin\u00e4nkuoressa on verkkokurssi, jonka jokaisen teko\u00e4lysovellusten k\u00e4ytt\u00e4j\u00e4n tulisi k\u00e4yd\u00e4. Verkkokurssi auttaa osallistujia ymm\u00e4rt\u00e4m\u00e4\u00e4n, mit\u00e4 teko\u00e4ly on, miten erilaiset laajat kielimallit p\u00e4\u00e4periaatteiltaan toimivat ja miten&hellip;","_links":{"self":[{"href":"https:\/\/educatedbyriikka.onedu.fi\/en\/wp-json\/wp\/v2\/product\/514","targetHints":{"allow":["GET"]}}],"collection":[{"href":"https:\/\/educatedbyriikka.onedu.fi\/en\/wp-json\/wp\/v2\/product"}],"about":[{"href":"https:\/\/educatedbyriikka.onedu.fi\/en\/wp-json\/wp\/v2\/types\/product"}],"wp:featuredmedia":[{"embeddable":true,"href":"https:\/\/educatedbyriikka.onedu.fi\/en\/wp-json\/wp\/v2\/media\/160"}],"wp:attachment":[{"href":"https:\/\/educatedbyriikka.onedu.fi\/en\/wp-json\/wp\/v2\/media?parent=514"}],"wp:term":[{"taxonomy":"product_brand","embeddable":true,"href":"https:\/\/educatedbyriikka.onedu.fi\/en\/wp-json\/wp\/v2\/product_brand?post=514"},{"taxonomy":"product_cat","embeddable":true,"href":"https:\/\/educatedbyriikka.onedu.fi\/en\/wp-json\/wp\/v2\/product_cat?post=514"},{"taxonomy":"product_tag","embeddable":true,"href":"https:\/\/educatedbyriikka.onedu.fi\/en\/wp-json\/wp\/v2\/product_tag?post=514"}],"curies":[{"name":"wp","href":"https:\/\/api.w.org\/{rel}","templated":true}]}}