{"id":1576,"date":"2026-03-19T12:51:33","date_gmt":"2026-03-19T10:51:33","guid":{"rendered":"https:\/\/educatedbyriikka.onedu.fi\/?post_type=product&#038;p=1576"},"modified":"2026-03-26T16:16:22","modified_gmt":"2026-03-26T14:16:22","slug":"opettajan-tekoalypakki-verkkokurssi","status":"publish","type":"product","link":"https:\/\/educatedbyriikka.onedu.fi\/en\/tuote\/opettajan-tekoalypakki-verkkokurssi\/","title":{"rendered":"Opettajan teko\u00e4lypakki-verkkokurssi"},"content":{"rendered":"<p>Opettajan teko\u00e4lypakki on noin 2 tunnin mittainen verkkokurssi opettajille ja koulutuksen parissa ty\u00f6skenteleville. Verkkokurssi opastaa opettajia teko\u00e4lyn vastuulliseen ja monipuoliseen hy\u00f6dynt\u00e4miseen opetuksen ja arvioinnin suunnittelussa. Kurssi tarjoaa vankan pohjan k\u00e4yt\u00e4nn\u00f6n teko\u00e4lyty\u00f6kaluihin sek\u00e4 k\u00e4sittelee teko\u00e4lyn k\u00e4yt\u00f6ss\u00e4 t\u00e4rkeit\u00e4 eettisi\u00e4 ja tietosuojaan liittyvi\u00e4 kysymyksi\u00e4. Kurssin suoritettuaan osallistuja tuntee keskeiset mahdollisuudet ja riski,t sek\u00e4 osaa k\u00e4ytt\u00e4\u00e4 teko\u00e4ly\u00e4 opetusty\u00f6n tukena vastuullisesti ja AI Act -linjausten mukaisesti.<\/p>\n<h2>Verkkokurssin tavoitteet<\/h2>\n<ul>\n<li>ymm\u00e4rt\u00e4\u00e4 teko\u00e4lyn toiminnan perusteet ja sen soveltuvuuden opetukseen,<\/li>\n<li>osata suunnitella ja toteuttaa teko\u00e4ly\u00e4 hy\u00f6dynt\u00e4vi\u00e4 oppitunteja ja arviointik\u00e4yt\u00e4nt\u00f6j\u00e4,<\/li>\n<li>tunnistaa eettiset ja tietosuojariskit sek\u00e4 osaa soveltaa niit\u00e4 opettajan jokap\u00e4iv\u00e4isess\u00e4 ty\u00f6ss\u00e4,<\/li>\n<li>hallita k\u00e4yt\u00e4nn\u00f6n ty\u00f6kalujen valinnan ja integroinnin koulun arkeen.<\/li>\n<\/ul>\n<h2>Kurssin rakenne ja sis\u00e4lt\u00f6<\/h2>\n<p><strong>Kurssi koostuu nelj\u00e4st\u00e4 kappaleesta:<\/strong><\/p>\n<ol>\n<li>Oppituntien suunnittelu<\/li>\n<li>Teko\u00e4ly ja arviointi<\/li>\n<li>Opiskelijoiden apuv\u00e4line<\/li>\n<li>Opettajan ty\u00f6n \u00e4rsytt\u00e4v\u00e4t lis\u00e4hommat<\/li>\n<\/ol>\n<p>Kurssi suoritetaan verkossa omaan tahtiin, ja sen l\u00e4p\u00e4isty\u00e4\u00e4n osallistuja saa todistuksen kurssin suorittamisesta. Verkkokurssin lisenssi kest\u00e4\u00e4 12 kuukautta verkkokurssin ostohetkest\u00e4 eteenp\u00e4in.<\/p>\n<p><strong>HUOM! Voit pyyt\u00e4\u00e4 erillisen tarjouksen suuremmille ryhmille osoitteesta info@educatedbyriikka.com.\u00a0<\/strong><\/p>\n","protected":false},"excerpt":{"rendered":"<p>Opettajan teko\u00e4lypakki on noin 2 tunnin mittainen verkkokurssi opettajille ja koulutuksen parissa ty\u00f6skenteleville. Verkkokurssi opastaa opettajia teko\u00e4lyn vastuulliseen ja monipuoliseen hy\u00f6dynt\u00e4miseen opetuksen ja arvioinnin suunnittelussa.&hellip;<\/p>\n","protected":false},"featured_media":1003,"template":"","meta":{"_uag_custom_page_level_css":""},"product_brand":[],"product_cat":[65],"product_tag":[],"class_list":{"0":"post-1576","1":"product","2":"type-product","3":"status-publish","4":"has-post-thumbnail","6":"product_cat-kaikki-kurssit","8":"first","9":"instock","10":"virtual","11":"taxable","12":"purchasable","13":"product-type-simple"},"spectra_custom_meta":{"_uagb_previous_block_counts":["a:90:{s:21:\"uagb\/advanced-heading\";i:0;s:15:\"uagb\/blockquote\";i:0;s:12:\"uagb\/buttons\";i:0;s:18:\"uagb\/buttons-child\";i:0;s:19:\"uagb\/call-to-action\";i:0;s:15:\"uagb\/cf7-styler\";i:0;s:11:\"uagb\/column\";i:0;s:12:\"uagb\/columns\";i:0;s:14:\"uagb\/container\";i:0;s:21:\"uagb\/content-timeline\";i:0;s:27:\"uagb\/content-timeline-child\";i:0;s:14:\"uagb\/countdown\";i:0;s:12:\"uagb\/counter\";i:0;s:8:\"uagb\/faq\";i:0;s:14:\"uagb\/faq-child\";i:0;s:10:\"uagb\/forms\";i:0;s:17:\"uagb\/forms-accept\";i:0;s:19:\"uagb\/forms-checkbox\";i:0;s:15:\"uagb\/forms-date\";i:0;s:16:\"uagb\/forms-email\";i:0;s:17:\"uagb\/forms-hidden\";i:0;s:15:\"uagb\/forms-name\";i:0;s:16:\"uagb\/forms-phone\";i:0;s:16:\"uagb\/forms-radio\";i:0;s:17:\"uagb\/forms-select\";i:0;s:19:\"uagb\/forms-textarea\";i:0;s:17:\"uagb\/forms-toggle\";i:0;s:14:\"uagb\/forms-url\";i:0;s:14:\"uagb\/gf-styler\";i:0;s:15:\"uagb\/google-map\";i:0;s:11:\"uagb\/how-to\";i:0;s:16:\"uagb\/how-to-step\";i:0;s:9:\"uagb\/icon\";i:0;s:14:\"uagb\/icon-list\";i:0;s:20:\"uagb\/icon-list-child\";i:0;s:10:\"uagb\/image\";i:0;s:18:\"uagb\/image-gallery\";i:0;s:13:\"uagb\/info-box\";i:0;s:18:\"uagb\/inline-notice\";i:0;s:11:\"uagb\/lottie\";i:0;s:21:\"uagb\/marketing-button\";i:0;s:10:\"uagb\/modal\";i:0;s:18:\"uagb\/popup-builder\";i:0;s:16:\"uagb\/post-button\";i:0;s:18:\"uagb\/post-carousel\";i:0;s:17:\"uagb\/post-excerpt\";i:0;s:14:\"uagb\/post-grid\";i:0;s:15:\"uagb\/post-image\";i:0;s:17:\"uagb\/post-masonry\";i:0;s:14:\"uagb\/post-meta\";i:0;s:18:\"uagb\/post-taxonomy\";i:0;s:18:\"uagb\/post-timeline\";i:0;s:15:\"uagb\/post-title\";i:0;s:20:\"uagb\/restaurant-menu\";i:0;s:26:\"uagb\/restaurant-menu-child\";i:0;s:11:\"uagb\/review\";i:0;s:12:\"uagb\/section\";i:0;s:14:\"uagb\/separator\";i:0;s:11:\"uagb\/slider\";i:0;s:17:\"uagb\/slider-child\";i:0;s:17:\"uagb\/social-share\";i:0;s:23:\"uagb\/social-share-child\";i:0;s:16:\"uagb\/star-rating\";i:0;s:23:\"uagb\/sure-cart-checkout\";i:0;s:22:\"uagb\/sure-cart-product\";i:0;s:15:\"uagb\/sure-forms\";i:0;s:22:\"uagb\/table-of-contents\";i:0;s:9:\"uagb\/tabs\";i:0;s:15:\"uagb\/tabs-child\";i:0;s:18:\"uagb\/taxonomy-list\";i:0;s:9:\"uagb\/team\";i:0;s:16:\"uagb\/testimonial\";i:0;s:14:\"uagb\/wp-search\";i:0;s:19:\"uagb\/instagram-feed\";i:0;s:10:\"uagb\/login\";i:0;s:17:\"uagb\/loop-builder\";i:0;s:18:\"uagb\/loop-category\";i:0;s:20:\"uagb\/loop-pagination\";i:0;s:15:\"uagb\/loop-reset\";i:0;s:16:\"uagb\/loop-search\";i:0;s:14:\"uagb\/loop-sort\";i:0;s:17:\"uagb\/loop-wrapper\";i:0;s:13:\"uagb\/register\";i:0;s:19:\"uagb\/register-email\";i:0;s:24:\"uagb\/register-first-name\";i:0;s:23:\"uagb\/register-last-name\";i:0;s:22:\"uagb\/register-password\";i:0;s:30:\"uagb\/register-reenter-password\";i:0;s:19:\"uagb\/register-terms\";i:0;s:22:\"uagb\/register-username\";i:0;}"],"_edit_lock":["1774534712:5"],"_edit_last":["5"],"_wpml_word_count":["262"],"_visibility":["visible"],"_stock_status":["instock"],"course_posts":["a:1:{i:0;i:972;}"],"course_subscription_duration":["1Y"],"_regular_price":["49.90"],"total_sales":["1"],"_tax_status":["taxable"],"_tax_class":[""],"_manage_stock":["no"],"_backorders":["no"],"_sold_individually":["no"],"_virtual":["yes"],"_downloadable":["no"],"_download_limit":["-1"],"_download_expiry":["-1"],"_stock":[null],"_wc_average_rating":[0],"_wc_review_count":["0"],"_product_version":["10.6.1"],"_price":["49.90"],"_learndash_course_grid_short_description":[""],"_product":["a:2:{i:0;s:0:\"\";s:32:\"product_course_short_description\";s:0:\"\";}"],"_learndash_course_grid_duration":[""],"_learndash_course_grid_enable_video_preview":["0"],"_learndash_course_grid_video_embed_code":[""],"_learndash_course_grid_custom_button_text":[""],"_learndash_course_grid_custom_ribbon_text":[""],"_ame_cpe_post_policy":["{\"accessProtection\":{\"active\":\"replace\"}}"],"_wpml_media_duplicate":["1"],"_wpml_media_featured":["1"],"_thumbnail_id":["1003"],"_wp_old_slug":["opettajan-tekoalyopas-verkkokurssi"],"_wcml_average_rating":[null],"_wcml_review_count":[null],"_wcml_rating_count":[null],"_uag_css_file_name":["uag-css-1576.css"],"_uag_page_assets":["a:9:{s:3:\"css\";s:263:\".uag-blocks-common-selector{z-index:var(--z-index-desktop) !important}@media (max-width: 976px){.uag-blocks-common-selector{z-index:var(--z-index-tablet) !important}}@media (max-width: 767px){.uag-blocks-common-selector{z-index:var(--z-index-mobile) !important}}\n\";s:2:\"js\";s:0:\"\";s:18:\"current_block_list\";a:7:{i:0;s:11:\"core\/search\";i:1;s:10:\"core\/group\";i:2;s:12:\"core\/heading\";i:3;s:17:\"core\/latest-posts\";i:4;s:20:\"core\/latest-comments\";i:5;s:13:\"core\/archives\";i:6;s:15:\"core\/categories\";}s:8:\"uag_flag\";b:0;s:11:\"uag_version\";s:10:\"1776257131\";s:6:\"gfonts\";a:0:{}s:10:\"gfonts_url\";s:0:\"\";s:12:\"gfonts_files\";a:0:{}s:14:\"uag_faq_layout\";b:0;}"],"_wc_rating_count":[""]},"uagb_featured_image_src":{"full":["https:\/\/educatedbyriikka.onedu.fi\/wp-content\/uploads\/2025\/12\/Tee_kuvan_tekstille_taustakuvan_kultaisesta_varista_varjustukset_image_1.png",1376,768,false],"thumbnail":["https:\/\/educatedbyriikka.onedu.fi\/wp-content\/uploads\/2025\/12\/Tee_kuvan_tekstille_taustakuvan_kultaisesta_varista_varjustukset_image_1-150x150.png",150,150,true],"medium":["https:\/\/educatedbyriikka.onedu.fi\/wp-content\/uploads\/2025\/12\/Tee_kuvan_tekstille_taustakuvan_kultaisesta_varista_varjustukset_image_1-300x167.png",300,167,true],"medium_large":["https:\/\/educatedbyriikka.onedu.fi\/wp-content\/uploads\/2025\/12\/Tee_kuvan_tekstille_taustakuvan_kultaisesta_varista_varjustukset_image_1-768x429.png",640,358,true],"large":["https:\/\/educatedbyriikka.onedu.fi\/wp-content\/uploads\/2025\/12\/Tee_kuvan_tekstille_taustakuvan_kultaisesta_varista_varjustukset_image_1-1024x572.png",640,358,true],"1536x1536":["https:\/\/educatedbyriikka.onedu.fi\/wp-content\/uploads\/2025\/12\/Tee_kuvan_tekstille_taustakuvan_kultaisesta_varista_varjustukset_image_1.png",1376,768,false],"2048x2048":["https:\/\/educatedbyriikka.onedu.fi\/wp-content\/uploads\/2025\/12\/Tee_kuvan_tekstille_taustakuvan_kultaisesta_varista_varjustukset_image_1.png",1376,768,false],"post-thumbnail":["https:\/\/educatedbyriikka.onedu.fi\/wp-content\/uploads\/2025\/12\/Tee_kuvan_tekstille_taustakuvan_kultaisesta_varista_varjustukset_image_1-624x348.png",624,348,true],"woocommerce_thumbnail":["https:\/\/educatedbyriikka.onedu.fi\/wp-content\/uploads\/2025\/12\/Tee_kuvan_tekstille_taustakuvan_kultaisesta_varista_varjustukset_image_1-300x300.png",300,300,true],"woocommerce_single":["https:\/\/educatedbyriikka.onedu.fi\/wp-content\/uploads\/2025\/12\/Tee_kuvan_tekstille_taustakuvan_kultaisesta_varista_varjustukset_image_1-600x335.png",600,335,true],"woocommerce_gallery_thumbnail":["https:\/\/educatedbyriikka.onedu.fi\/wp-content\/uploads\/2025\/12\/Tee_kuvan_tekstille_taustakuvan_kultaisesta_varista_varjustukset_image_1-100x100.png",100,100,true]},"uagb_author_info":{"display_name":"Riikka","author_link":"https:\/\/educatedbyriikka.onedu.fi\/en\/author\/"},"uagb_comment_info":0,"uagb_excerpt":"Opettajan teko\u00e4lypakki on noin 2 tunnin mittainen verkkokurssi opettajille ja koulutuksen parissa ty\u00f6skenteleville. Verkkokurssi opastaa opettajia teko\u00e4lyn vastuulliseen ja monipuoliseen hy\u00f6dynt\u00e4miseen opetuksen ja arvioinnin suunnittelussa.&hellip;","_links":{"self":[{"href":"https:\/\/educatedbyriikka.onedu.fi\/en\/wp-json\/wp\/v2\/product\/1576","targetHints":{"allow":["GET"]}}],"collection":[{"href":"https:\/\/educatedbyriikka.onedu.fi\/en\/wp-json\/wp\/v2\/product"}],"about":[{"href":"https:\/\/educatedbyriikka.onedu.fi\/en\/wp-json\/wp\/v2\/types\/product"}],"wp:featuredmedia":[{"embeddable":true,"href":"https:\/\/educatedbyriikka.onedu.fi\/en\/wp-json\/wp\/v2\/media\/1003"}],"wp:attachment":[{"href":"https:\/\/educatedbyriikka.onedu.fi\/en\/wp-json\/wp\/v2\/media?parent=1576"}],"wp:term":[{"taxonomy":"product_brand","embeddable":true,"href":"https:\/\/educatedbyriikka.onedu.fi\/en\/wp-json\/wp\/v2\/product_brand?post=1576"},{"taxonomy":"product_cat","embeddable":true,"href":"https:\/\/educatedbyriikka.onedu.fi\/en\/wp-json\/wp\/v2\/product_cat?post=1576"},{"taxonomy":"product_tag","embeddable":true,"href":"https:\/\/educatedbyriikka.onedu.fi\/en\/wp-json\/wp\/v2\/product_tag?post=1576"}],"curies":[{"name":"wp","href":"https:\/\/api.w.org\/{rel}","templated":true}]}}